{"id":1204,"date":"2016-09-05T19:26:14","date_gmt":"2016-09-05T19:26:14","guid":{"rendered":"http:\/\/demos.famethemes.com\/screenr-plus\/?page_id=8"},"modified":"2023-06-26T00:08:34","modified_gmt":"2023-06-26T00:08:34","slug":"about","status":"publish","type":"page","link":"https:\/\/treestarltd.com\/es\/about\/","title":{"rendered":"Acerca de Nosotros"},"content":{"rendered":"<p>Treestar Ingenier\u00eda tiene mas de 25 a\u00f1os de experiencia. Nuestros clientes se encuentran localizados en m\u00faltiples pa\u00edses, incluyendo:<br \/>\nVenezuela, El Salvador, Mexico, Estados Unidos, Brazil, Rep\u00fablica Dominicana, Guatemala, Nicaragua, Panam\u00e1, Colombia, Honduras, Belize, Chile, y Ecuador.<\/p>\n<p>Proveemos soluciones creativas que capturan la atenci\u00f3n de nuestros clientes globales. M\u00e1s que una compa\u00f1\u00eda, somos un socio en el que puede confiar.<\/p>","protected":false},"excerpt":{"rendered":"<p>Treestar Ingenier\u00eda has over 25 years of experience. We have customers located in multiple countries, including Venezuela, El Salvador, Mexico, United States, Brazil, Dominican Republic, Guatemala, Nicaragua, Panama, Colombia, Honduras, Belize, Chile, Ecuador. We provide creative solutions that gets the attention of our global clients. More than a company, we&#8230;<\/p>","protected":false},"author":1,"featured_media":0,"parent":0,"menu_order":0,"comment_status":"closed","ping_status":"closed","template":"","meta":{"om_disable_all_campaigns":false,"_monsterinsights_skip_tracking":false,"_monsterinsights_sitenote_active":false,"_monsterinsights_sitenote_note":"","_monsterinsights_sitenote_category":0,"footnotes":""},"class_list":["post-1204","page","type-page","status-publish","hentry"],"yoast_head":"<!-- This site is optimized with the Yoast SEO plugin v27.4 - https:\/\/yoast.com\/product\/yoast-seo-wordpress\/ -->\n<title>About Us - TREESTAR INGENIERIA LTD.<\/title>\n<meta name=\"robots\" content=\"index, follow, max-snippet:-1, max-image-preview:large, max-video-preview:-1\" \/>\n<link rel=\"canonical\" href=\"https:\/\/treestarltd.com\/es\/about\/\" \/>\n<meta property=\"og:locale\" content=\"es_ES\" \/>\n<meta property=\"og:type\" content=\"article\" \/>\n<meta property=\"og:title\" content=\"About Us - TREESTAR INGENIERIA LTD.\" \/>\n<meta property=\"og:description\" content=\"Treestar Ingenier\u00eda has over 25 years of experience. We have customers located in multiple countries, including Venezuela, El Salvador, Mexico, United States, Brazil, Dominican Republic, Guatemala, Nicaragua, Panama, Colombia, Honduras, Belize, Chile, Ecuador. We provide creative solutions that gets the attention of our global clients. More than a company, we...\" \/>\n<meta property=\"og:url\" content=\"https:\/\/treestarltd.com\/es\/about\/\" \/>\n<meta property=\"og:site_name\" content=\"TREESTAR INGENIERIA LTD.\" \/>\n<meta property=\"article:modified_time\" content=\"2023-06-26T00:08:34+00:00\" \/>\n<meta name=\"twitter:card\" content=\"summary_large_image\" \/>\n<meta name=\"twitter:label1\" content=\"Tiempo estimado de lectura\" \/>\n\t<meta name=\"twitter:data1\" content=\"1 minuto\" \/>\n<script type=\"application\/ld+json\" class=\"yoast-schema-graph\">{\"@context\":\"https:\\\/\\\/schema.org\",\"@graph\":[{\"@type\":\"WebPage\",\"@id\":\"https:\\\/\\\/treestarltd.com\\\/about\\\/\",\"url\":\"https:\\\/\\\/treestarltd.com\\\/about\\\/\",\"name\":\"About Us - TREESTAR INGENIERIA LTD.\",\"isPartOf\":{\"@id\":\"https:\\\/\\\/treestarltd.com\\\/#website\"},\"datePublished\":\"2016-09-05T19:26:14+00:00\",\"dateModified\":\"2023-06-26T00:08:34+00:00\",\"breadcrumb\":{\"@id\":\"https:\\\/\\\/treestarltd.com\\\/about\\\/#breadcrumb\"},\"inLanguage\":\"es-CL\",\"potentialAction\":[{\"@type\":\"ReadAction\",\"target\":[\"https:\\\/\\\/treestarltd.com\\\/about\\\/\"]}]},{\"@type\":\"BreadcrumbList\",\"@id\":\"https:\\\/\\\/treestarltd.com\\\/about\\\/#breadcrumb\",\"itemListElement\":[{\"@type\":\"ListItem\",\"position\":1,\"name\":\"Home\",\"item\":\"https:\\\/\\\/treestarltd.com\\\/\"},{\"@type\":\"ListItem\",\"position\":2,\"name\":\"About Us\"}]},{\"@type\":\"WebSite\",\"@id\":\"https:\\\/\\\/treestarltd.com\\\/#website\",\"url\":\"https:\\\/\\\/treestarltd.com\\\/\",\"name\":\"TREESTAR INGENIERIA LTD.\",\"description\":\"Quality and Expertise\",\"publisher\":{\"@id\":\"https:\\\/\\\/treestarltd.com\\\/#organization\"},\"potentialAction\":[{\"@type\":\"SearchAction\",\"target\":{\"@type\":\"EntryPoint\",\"urlTemplate\":\"https:\\\/\\\/treestarltd.com\\\/?s={search_term_string}\"},\"query-input\":{\"@type\":\"PropertyValueSpecification\",\"valueRequired\":true,\"valueName\":\"search_term_string\"}}],\"inLanguage\":\"es-CL\"},{\"@type\":\"Organization\",\"@id\":\"https:\\\/\\\/treestarltd.com\\\/#organization\",\"name\":\"TREESTAR INGENIERIA LTD.\",\"url\":\"https:\\\/\\\/treestarltd.com\\\/\",\"logo\":{\"@type\":\"ImageObject\",\"inLanguage\":\"es-CL\",\"@id\":\"https:\\\/\\\/treestarltd.com\\\/#\\\/schema\\\/logo\\\/image\\\/\",\"url\":\"https:\\\/\\\/treestarltd.com\\\/wp-content\\\/uploads\\\/2023\\\/06\\\/treestar-logo-blue.png\",\"contentUrl\":\"https:\\\/\\\/treestarltd.com\\\/wp-content\\\/uploads\\\/2023\\\/06\\\/treestar-logo-blue.png\",\"width\":240,\"height\":60,\"caption\":\"TREESTAR INGENIERIA LTD.\"},\"image\":{\"@id\":\"https:\\\/\\\/treestarltd.com\\\/#\\\/schema\\\/logo\\\/image\\\/\"}}]}<\/script>\n<!-- \/ Yoast SEO plugin. -->","yoast_head_json":{"title":"About Us - TREESTAR INGENIERIA LTD.","robots":{"index":"index","follow":"follow","max-snippet":"max-snippet:-1","max-image-preview":"max-image-preview:large","max-video-preview":"max-video-preview:-1"},"canonical":"https:\/\/treestarltd.com\/es\/about\/","og_locale":"es_ES","og_type":"article","og_title":"About Us - TREESTAR INGENIERIA LTD.","og_description":"Treestar Ingenier\u00eda has over 25 years of experience. We have customers located in multiple countries, including Venezuela, El Salvador, Mexico, United States, Brazil, Dominican Republic, Guatemala, Nicaragua, Panama, Colombia, Honduras, Belize, Chile, Ecuador. We provide creative solutions that gets the attention of our global clients. More than a company, we...","og_url":"https:\/\/treestarltd.com\/es\/about\/","og_site_name":"TREESTAR INGENIERIA LTD.","article_modified_time":"2023-06-26T00:08:34+00:00","twitter_card":"summary_large_image","twitter_misc":{"Tiempo estimado de lectura":"1 minuto"},"schema":{"@context":"https:\/\/schema.org","@graph":[{"@type":"WebPage","@id":"https:\/\/treestarltd.com\/about\/","url":"https:\/\/treestarltd.com\/about\/","name":"About Us - TREESTAR INGENIERIA LTD.","isPartOf":{"@id":"https:\/\/treestarltd.com\/#website"},"datePublished":"2016-09-05T19:26:14+00:00","dateModified":"2023-06-26T00:08:34+00:00","breadcrumb":{"@id":"https:\/\/treestarltd.com\/about\/#breadcrumb"},"inLanguage":"es-CL","potentialAction":[{"@type":"ReadAction","target":["https:\/\/treestarltd.com\/about\/"]}]},{"@type":"BreadcrumbList","@id":"https:\/\/treestarltd.com\/about\/#breadcrumb","itemListElement":[{"@type":"ListItem","position":1,"name":"Home","item":"https:\/\/treestarltd.com\/"},{"@type":"ListItem","position":2,"name":"About Us"}]},{"@type":"WebSite","@id":"https:\/\/treestarltd.com\/#website","url":"https:\/\/treestarltd.com\/","name":"TREESTAR INGENIERIA LTD.","description":"Quality and Expertise","publisher":{"@id":"https:\/\/treestarltd.com\/#organization"},"potentialAction":[{"@type":"SearchAction","target":{"@type":"EntryPoint","urlTemplate":"https:\/\/treestarltd.com\/?s={search_term_string}"},"query-input":{"@type":"PropertyValueSpecification","valueRequired":true,"valueName":"search_term_string"}}],"inLanguage":"es-CL"},{"@type":"Organization","@id":"https:\/\/treestarltd.com\/#organization","name":"TREESTAR INGENIERIA LTD.","url":"https:\/\/treestarltd.com\/","logo":{"@type":"ImageObject","inLanguage":"es-CL","@id":"https:\/\/treestarltd.com\/#\/schema\/logo\/image\/","url":"https:\/\/treestarltd.com\/wp-content\/uploads\/2023\/06\/treestar-logo-blue.png","contentUrl":"https:\/\/treestarltd.com\/wp-content\/uploads\/2023\/06\/treestar-logo-blue.png","width":240,"height":60,"caption":"TREESTAR INGENIERIA LTD."},"image":{"@id":"https:\/\/treestarltd.com\/#\/schema\/logo\/image\/"}}]}},"jetpack_sharing_enabled":true,"_links":{"self":[{"href":"https:\/\/treestarltd.com\/es\/wp-json\/wp\/v2\/pages\/1204","targetHints":{"allow":["GET"]}}],"collection":[{"href":"https:\/\/treestarltd.com\/es\/wp-json\/wp\/v2\/pages"}],"about":[{"href":"https:\/\/treestarltd.com\/es\/wp-json\/wp\/v2\/types\/page"}],"author":[{"embeddable":true,"href":"https:\/\/treestarltd.com\/es\/wp-json\/wp\/v2\/users\/1"}],"replies":[{"embeddable":true,"href":"https:\/\/treestarltd.com\/es\/wp-json\/wp\/v2\/comments?post=1204"}],"version-history":[{"count":2,"href":"https:\/\/treestarltd.com\/es\/wp-json\/wp\/v2\/pages\/1204\/revisions"}],"predecessor-version":[{"id":1316,"href":"https:\/\/treestarltd.com\/es\/wp-json\/wp\/v2\/pages\/1204\/revisions\/1316"}],"wp:attachment":[{"href":"https:\/\/treestarltd.com\/es\/wp-json\/wp\/v2\/media?parent=1204"}],"curies":[{"name":"wp","href":"https:\/\/api.w.org\/{rel}","templated":true}]}}